{"id":6702,"date":"2024-11-18T20:11:49","date_gmt":"2024-11-18T19:11:49","guid":{"rendered":"https:\/\/bogen.1ns.at\/?page_id=6702"},"modified":"2025-05-07T19:16:23","modified_gmt":"2025-05-07T17:16:23","slug":"ueber-uns","status":"publish","type":"page","link":"https:\/\/bsv-kapfenberg.at\/?page_id=6702","title":{"rendered":"\u00dcber Uns"},"content":{"rendered":"\t\t<div data-elementor-type=\"wp-page\" data-elementor-id=\"6702\" class=\"elementor elementor-6702\" data-elementor-post-type=\"page\">\n\t\t\t\t<div class=\"elementor-element elementor-element-238175b e-con-full e-flex e-con e-parent\" data-id=\"238175b\" data-element_type=\"container\" data-settings=\"{&quot;background_background&quot;:&quot;gradient&quot;,&quot;shape_divider_top&quot;:&quot;triangle&quot;}\">\n\t\t\t\t<div class=\"elementor-shape elementor-shape-top\" data-negative=\"false\">\n\t\t\t<svg xmlns=\"http:\/\/www.w3.org\/2000\/svg\" viewBox=\"0 0 1000 100\" preserveAspectRatio=\"none\">\n\t<path class=\"elementor-shape-fill\" d=\"M500,98.9L0,6.1V0h1000v6.1L500,98.9z\"\/>\n<\/svg>\t\t<\/div>\n\t\t\t\t<div class=\"elementor-element elementor-element-f5baf84 elementor-widget elementor-widget-text-editor\" data-id=\"f5baf84\" data-element_type=\"widget\" data-widget_type=\"text-editor.default\">\n\t\t\t\t<div class=\"elementor-widget-container\">\n\t\t\t\t\t\t\t\t\t<p><strong>Der BSV KAPFENBERG wurde 2024 gegr\u00fcndet und ist ein Mitgliedsverein des <a href=\"https:\/\/ksv1919.at\/\">KSV<\/a> und des <a href=\"http:\/\/asvoe.at\">ASV\u00d6.<\/a><\/strong><\/p>\t\t\t\t\t\t\t\t<\/div>\n\t\t\t\t<\/div>\n\t\t\t\t<\/div>\n\t\t<div class=\"elementor-element elementor-element-dddc435 e-con-full e-flex e-con e-parent\" data-id=\"dddc435\" data-element_type=\"container\" data-settings=\"{&quot;background_background&quot;:&quot;gradient&quot;}\">\n\t\t\t\t<div class=\"elementor-element elementor-element-ad8d602 elementor-widget elementor-widget-text-editor\" data-id=\"ad8d602\" data-element_type=\"widget\" data-widget_type=\"text-editor.default\">\n\t\t\t\t<div class=\"elementor-widget-container\">\n\t\t\t\t\t\t\t\t\t<p><strong>BOGENSPORTVEREIN KAPFENBERG<\/strong><\/p>\t\t\t\t\t\t\t\t<\/div>\n\t\t\t\t<\/div>\n\t\t\t\t<div class=\"elementor-element elementor-element-6b1eeb7 elementor-widget elementor-widget-text-editor\" data-id=\"6b1eeb7\" data-element_type=\"widget\" data-widget_type=\"text-editor.default\">\n\t\t\t\t<div class=\"elementor-widget-container\">\n\t\t\t\t\t\t\t\t\t<p><em><strong>AUS FREUDE AM BOGENSPORT<\/strong><\/em><\/p>\t\t\t\t\t\t\t\t<\/div>\n\t\t\t\t<\/div>\n\t\t\t\t<div class=\"elementor-element elementor-element-cc5d42a elementor-widget elementor-widget-text-editor\" data-id=\"cc5d42a\" data-element_type=\"widget\" data-widget_type=\"text-editor.default\">\n\t\t\t\t<div class=\"elementor-widget-container\">\n\t\t\t\t\t\t\t\t\t<p><strong>EIN VEREIN F\u00dcR JUNGE UND JUNG GEBLIEBENE,<\/strong><strong><br \/><\/strong><\/p><p><strong>F\u00dcR HOBBY- UND LEISTUNGSSCH\u00dcTZEN\/INNEN!<\/strong><\/p>\t\t\t\t\t\t\t\t<\/div>\n\t\t\t\t<\/div>\n\t\t\t\t<\/div>\n\t\t<div class=\"elementor-element elementor-element-976ea97 e-con-full e-flex e-con e-parent\" data-id=\"976ea97\" data-element_type=\"container\" data-settings=\"{&quot;background_background&quot;:&quot;gradient&quot;}\">\n\t\t\t\t<div class=\"elementor-element elementor-element-08fd1d5 elementor-widget elementor-widget-text-editor\" data-id=\"08fd1d5\" data-element_type=\"widget\" data-widget_type=\"text-editor.default\">\n\t\t\t\t<div class=\"elementor-widget-container\">\n\t\t\t\t\t\t\t\t\t<p><strong>DU HAST LUST EIN MITGLIED DES BOGENSPORTVEREINS KAPFENBERG ZU WERDEN?<\/strong><\/p><p><strong>\u00a0<\/strong><\/p>\t\t\t\t\t\t\t\t<\/div>\n\t\t\t\t<\/div>\n\t\t\t\t<\/div>\n\t\t<div class=\"elementor-element elementor-element-986a465 e-con-full e-flex e-con e-parent\" data-id=\"986a465\" data-element_type=\"container\" data-settings=\"{&quot;background_background&quot;:&quot;classic&quot;,&quot;shape_divider_top&quot;:&quot;triangle&quot;}\">\n\t\t\t\t<div class=\"elementor-shape elementor-shape-top\" data-negative=\"false\">\n\t\t\t<svg xmlns=\"http:\/\/www.w3.org\/2000\/svg\" viewBox=\"0 0 1000 100\" preserveAspectRatio=\"none\">\n\t<path class=\"elementor-shape-fill\" d=\"M500,98.9L0,6.1V0h1000v6.1L500,98.9z\"\/>\n<\/svg>\t\t<\/div>\n\t\t\t\t<div class=\"elementor-element elementor-element-fa4f90e elementor-widget elementor-widget-text-editor\" data-id=\"fa4f90e\" data-element_type=\"widget\" data-widget_type=\"text-editor.default\">\n\t\t\t\t<div class=\"elementor-widget-container\">\n\t\t\t\t\t\t\t\t\t<p><a href=\"https:\/\/bsv-kapfenberg.at\/?page_id=6705\"><strong><span style=\"text-decoration: underline;\">CLICK HERE<\/span><\/strong><\/a><\/p>\t\t\t\t\t\t\t\t<\/div>\n\t\t\t\t<\/div>\n\t\t\t\t<\/div>\n\t\t<div class=\"elementor-element elementor-element-f004d4a e-flex e-con-boxed e-con e-parent\" data-id=\"f004d4a\" data-element_type=\"container\">\n\t\t\t\t\t<div class=\"e-con-inner\">\n\t\t\t\t\t<\/div>\n\t\t\t\t<\/div>\n\t\t\t\t<\/div>\n\t\t","protected":false},"excerpt":{"rendered":"<p>Der BSV KAPFENBERG wurde 2024 gegr\u00fcndet und ist ein Mitgliedsverein des KSV und des ASV\u00d6. BOGENSPORTVEREIN KAPFENBERG AUS FREUDE AM BOGENSPORT EIN VEREIN F\u00dcR JUNGE UND JUNG GEBLIEBENE, F\u00dcR HOBBY- UND LEISTUNGSSCH\u00dcTZEN\/INNEN! DU HAST LUST EIN MITGLIED DES BOGENSPORTVEREINS KAPFENBERG ZU WERDEN? \u00a0 CLICK HERE<\/p>\n","protected":false},"author":1,"featured_media":0,"parent":0,"menu_order":0,"comment_status":"closed","ping_status":"closed","template":"","meta":{"footnotes":""},"class_list":["post-6702","page","type-page","status-publish","hentry"],"aioseo_notices":[],"featured_media_urls":[],"_links":{"self":[{"href":"https:\/\/bsv-kapfenberg.at\/index.php?rest_route=\/wp\/v2\/pages\/6702","targetHints":{"allow":["GET"]}}],"collection":[{"href":"https:\/\/bsv-kapfenberg.at\/index.php?rest_route=\/wp\/v2\/pages"}],"about":[{"href":"https:\/\/bsv-kapfenberg.at\/index.php?rest_route=\/wp\/v2\/types\/page"}],"author":[{"embeddable":true,"href":"https:\/\/bsv-kapfenberg.at\/index.php?rest_route=\/wp\/v2\/users\/1"}],"replies":[{"embeddable":true,"href":"https:\/\/bsv-kapfenberg.at\/index.php?rest_route=%2Fwp%2Fv2%2Fcomments&post=6702"}],"version-history":[{"count":91,"href":"https:\/\/bsv-kapfenberg.at\/index.php?rest_route=\/wp\/v2\/pages\/6702\/revisions"}],"predecessor-version":[{"id":8770,"href":"https:\/\/bsv-kapfenberg.at\/index.php?rest_route=\/wp\/v2\/pages\/6702\/revisions\/8770"}],"wp:attachment":[{"href":"https:\/\/bsv-kapfenberg.at\/index.php?rest_route=%2Fwp%2Fv2%2Fmedia&parent=6702"}],"curies":[{"name":"wp","href":"https:\/\/api.w.org\/{rel}","templated":true}]}}