{"id":6703,"date":"2024-11-18T20:11:49","date_gmt":"2024-11-18T19:11:49","guid":{"rendered":"https:\/\/bogen.1ns.at\/?page_id=6703"},"modified":"2025-05-21T22:22:06","modified_gmt":"2025-05-21T20:22:06","slug":"vorstand","status":"publish","type":"page","link":"https:\/\/bsv-kapfenberg.at\/?page_id=6703","title":{"rendered":"Vorstand"},"content":{"rendered":"\t\t<div data-elementor-type=\"wp-page\" data-elementor-id=\"6703\" class=\"elementor elementor-6703\" data-elementor-post-type=\"page\">\n\t\t\t\t<div class=\"elementor-element elementor-element-e4dba42 e-flex e-con-boxed e-con e-parent\" data-id=\"e4dba42\" data-element_type=\"container\" data-settings=\"{&quot;background_background&quot;:&quot;gradient&quot;}\">\n\t\t\t\t\t<div class=\"e-con-inner\">\n\t\t<div class=\"elementor-element elementor-element-3c15dc7 e-con-full e-flex e-con e-child\" data-id=\"3c15dc7\" data-element_type=\"container\">\n\t\t\t\t<div class=\"elementor-element elementor-element-d66cf9e elementor-widget elementor-widget-wpzoom-elementor-addons-team-members\" data-id=\"d66cf9e\" data-element_type=\"widget\" data-widget_type=\"wpzoom-elementor-addons-team-members.default\">\n\t\t\t\t<div class=\"elementor-widget-container\">\n\t\t\t\t\t\n\t\t\t\t\t<figure class=\"wpz-member-figure\">\n\t\t\t\t<img fetchpriority=\"high\" decoding=\"async\" width=\"600\" height=\"900\" src=\"https:\/\/bsv-kapfenberg.at\/wp-content\/uploads\/2025\/05\/Vorstand004.jpg\" class=\"elementor-animation-disable-animation attachment-large size-large wp-image-9002\" alt=\"\" srcset=\"https:\/\/bsv-kapfenberg.at\/wp-content\/uploads\/2025\/05\/Vorstand004.jpg 600w, https:\/\/bsv-kapfenberg.at\/wp-content\/uploads\/2025\/05\/Vorstand004-200x300.jpg 200w\" sizes=\"100vw\" \/>\t\t\t<\/figure>\n\t\t\n\t\t<div class=\"wpz-member-body\">\n\t\t\t<h2 class=\"wpz-member-name\">Josef Sch\u00e4ffer<\/h2>\n\t\t\t\t\t\t\t<div class=\"wpz-member-position\">Obmann<\/div>\n\t\t\t\n\t\t\t\n\t\t\t\n\t\t\t\t\t\t\t<div class=\"wpz-member-links\">\n\t\t\t\t\t<a target=\"_blank\" rel=\"noopener\" href=\"https:\/\/facebook.com\/\" class=\"elementor-repeater-item-d99058a\"><i class=\"fa-facebook fab\" aria-hidden=\"true\"><\/i><\/a>\t\t\t\t<\/div>\n\t\t\t\n\t\t\t\t\t<\/div>\n\t\t\t\t\t\t<\/div>\n\t\t\t\t<\/div>\n\t\t\t\t<\/div>\n\t\t<div class=\"elementor-element elementor-element-2f05614 e-con-full e-flex e-con e-child\" data-id=\"2f05614\" data-element_type=\"container\">\n\t\t\t\t<div class=\"elementor-element elementor-element-d1ec9e3 elementor-widget elementor-widget-wpzoom-elementor-addons-team-members\" data-id=\"d1ec9e3\" data-element_type=\"widget\" data-widget_type=\"wpzoom-elementor-addons-team-members.default\">\n\t\t\t\t<div class=\"elementor-widget-container\">\n\t\t\t\t\t\n\t\t\t\t\t<figure class=\"wpz-member-figure\">\n\t\t\t\t<img decoding=\"async\" width=\"600\" height=\"900\" src=\"https:\/\/bsv-kapfenberg.at\/wp-content\/uploads\/2025\/05\/Vorstand006.jpg\" class=\"elementor-animation-disable-animation attachment-large size-large wp-image-9003\" alt=\"\" srcset=\"https:\/\/bsv-kapfenberg.at\/wp-content\/uploads\/2025\/05\/Vorstand006.jpg 600w, https:\/\/bsv-kapfenberg.at\/wp-content\/uploads\/2025\/05\/Vorstand006-200x300.jpg 200w\" sizes=\"100vw\" \/>\t\t\t<\/figure>\n\t\t\n\t\t<div class=\"wpz-member-body\">\n\t\t\t<h2 class=\"wpz-member-name\">J\u00fcrgen Kram<\/h2>\n\t\t\t\t\t\t\t<div class=\"wpz-member-position\">Obmann - Stellvertreter<\/div>\n\t\t\t\n\t\t\t\n\t\t\t\n\t\t\t\t\t\t\t<div class=\"wpz-member-links\">\n\t\t\t\t\t<a target=\"_blank\" rel=\"noopener\" href=\"https:\/\/facebook.com\/\" class=\"elementor-repeater-item-a9cb9b5\"><i class=\"fa-facebook fab\" aria-hidden=\"true\"><\/i><\/a>\t\t\t\t<\/div>\n\t\t\t\n\t\t\t\t\t<\/div>\n\t\t\t\t\t\t<\/div>\n\t\t\t\t<\/div>\n\t\t\t\t<\/div>\n\t\t<div class=\"elementor-element elementor-element-732688f e-con-full e-flex e-con e-child\" data-id=\"732688f\" data-element_type=\"container\">\n\t\t\t\t<div class=\"elementor-element elementor-element-46fd9ba elementor-widget elementor-widget-wpzoom-elementor-addons-team-members\" data-id=\"46fd9ba\" data-element_type=\"widget\" data-widget_type=\"wpzoom-elementor-addons-team-members.default\">\n\t\t\t\t<div class=\"elementor-widget-container\">\n\t\t\t\t\t\n\t\t\t\t\t<figure class=\"wpz-member-figure\">\n\t\t\t\t<img decoding=\"async\" width=\"600\" height=\"900\" src=\"https:\/\/bsv-kapfenberg.at\/wp-content\/uploads\/2025\/05\/Vorstand002.jpg\" class=\"elementor-animation-disable-animation attachment-large size-large wp-image-9004\" alt=\"\" srcset=\"https:\/\/bsv-kapfenberg.at\/wp-content\/uploads\/2025\/05\/Vorstand002.jpg 600w, https:\/\/bsv-kapfenberg.at\/wp-content\/uploads\/2025\/05\/Vorstand002-200x300.jpg 200w\" sizes=\"100vw\" \/>\t\t\t<\/figure>\n\t\t\n\t\t<div class=\"wpz-member-body\">\n\t\t\t<h2 class=\"wpz-member-name\">Anita Sch\u00e4ffer<\/h2>\n\t\t\t\t\t\t\t<div class=\"wpz-member-position\">Schriftf\u00fchrerin<\/div>\n\t\t\t\n\t\t\t\n\t\t\t\n\t\t\t\t\t\t\t<div class=\"wpz-member-links\">\n\t\t\t\t\t<a target=\"_blank\" rel=\"noopener\" href=\"https:\/\/facebook.com\/\" class=\"elementor-repeater-item-112b347\"><i class=\"fa-facebook fab\" aria-hidden=\"true\"><\/i><\/a>\t\t\t\t<\/div>\n\t\t\t\n\t\t\t\t\t<\/div>\n\t\t\t\t\t\t<\/div>\n\t\t\t\t<\/div>\n\t\t\t\t<\/div>\n\t\t<div class=\"elementor-element elementor-element-4f22422 e-con-full e-flex e-con e-child\" data-id=\"4f22422\" data-element_type=\"container\">\n\t\t\t\t<div class=\"elementor-element elementor-element-c319238 elementor-widget elementor-widget-wpzoom-elementor-addons-team-members\" data-id=\"c319238\" data-element_type=\"widget\" data-widget_type=\"wpzoom-elementor-addons-team-members.default\">\n\t\t\t\t<div class=\"elementor-widget-container\">\n\t\t\t\t\t\n\t\t\t\t\t<figure class=\"wpz-member-figure\">\n\t\t\t\t<img loading=\"lazy\" decoding=\"async\" width=\"600\" height=\"900\" src=\"https:\/\/bsv-kapfenberg.at\/wp-content\/uploads\/2025\/05\/Vorstand007.jpg\" class=\"elementor-animation-disable-animation attachment-large size-large wp-image-9005\" alt=\"\" srcset=\"https:\/\/bsv-kapfenberg.at\/wp-content\/uploads\/2025\/05\/Vorstand007.jpg 600w, https:\/\/bsv-kapfenberg.at\/wp-content\/uploads\/2025\/05\/Vorstand007-200x300.jpg 200w\" sizes=\"100vw\" \/>\t\t\t<\/figure>\n\t\t\n\t\t<div class=\"wpz-member-body\">\n\t\t\t<h2 class=\"wpz-member-name\">Thomas Loidolt<\/h2>\n\t\t\t\t\t\t\t<div class=\"wpz-member-position\">Schriftf\u00fchrerin - Stellvertreter<\/div>\n\t\t\t\n\t\t\t\n\t\t\t\n\t\t\t\t\t\t\t<div class=\"wpz-member-links\">\n\t\t\t\t\t<a target=\"_blank\" rel=\"noopener\" href=\"https:\/\/facebook.com\/\" class=\"elementor-repeater-item-9938e16\"><i class=\"fa-facebook fab\" aria-hidden=\"true\"><\/i><\/a>\t\t\t\t<\/div>\n\t\t\t\n\t\t\t\t\t<\/div>\n\t\t\t\t\t\t<\/div>\n\t\t\t\t<\/div>\n\t\t\t\t<\/div>\n\t\t<div class=\"elementor-element elementor-element-fd81998 e-con-full e-flex e-con e-child\" data-id=\"fd81998\" data-element_type=\"container\">\n\t\t\t\t<div class=\"elementor-element elementor-element-2f129bf elementor-widget elementor-widget-wpzoom-elementor-addons-team-members\" data-id=\"2f129bf\" data-element_type=\"widget\" data-widget_type=\"wpzoom-elementor-addons-team-members.default\">\n\t\t\t\t<div class=\"elementor-widget-container\">\n\t\t\t\t\t\n\t\t\t\t\t<figure class=\"wpz-member-figure\">\n\t\t\t\t<img loading=\"lazy\" decoding=\"async\" width=\"524\" height=\"780\" src=\"https:\/\/bsv-kapfenberg.at\/wp-content\/uploads\/2025\/05\/Vorstand005.jpg\" class=\"elementor-animation-disable-animation attachment-large size-large wp-image-9006\" alt=\"\" srcset=\"https:\/\/bsv-kapfenberg.at\/wp-content\/uploads\/2025\/05\/Vorstand005.jpg 524w, https:\/\/bsv-kapfenberg.at\/wp-content\/uploads\/2025\/05\/Vorstand005-202x300.jpg 202w\" sizes=\"100vw\" \/>\t\t\t<\/figure>\n\t\t\n\t\t<div class=\"wpz-member-body\">\n\t\t\t<h2 class=\"wpz-member-name\">Michael Pompe<\/h2>\n\t\t\t\t\t\t\t<div class=\"wpz-member-position\">Kassier<\/div>\n\t\t\t\n\t\t\t\n\t\t\t\n\t\t\t\t\t\t\t<div class=\"wpz-member-links\">\n\t\t\t\t\t<a target=\"_blank\" rel=\"noopener\" href=\"https:\/\/facebook.com\/\" class=\"elementor-repeater-item-22c1429\"><i class=\"fa-facebook fab\" aria-hidden=\"true\"><\/i><\/a>\t\t\t\t<\/div>\n\t\t\t\n\t\t\t\t\t<\/div>\n\t\t\t\t\t\t<\/div>\n\t\t\t\t<\/div>\n\t\t\t\t<\/div>\n\t\t<div class=\"elementor-element elementor-element-52554bc e-con-full e-flex e-con e-child\" data-id=\"52554bc\" data-element_type=\"container\">\n\t\t\t\t<div class=\"elementor-element elementor-element-dc898dd elementor-widget elementor-widget-wpzoom-elementor-addons-team-members\" data-id=\"dc898dd\" data-element_type=\"widget\" data-widget_type=\"wpzoom-elementor-addons-team-members.default\">\n\t\t\t\t<div class=\"elementor-widget-container\">\n\t\t\t\t\t\n\t\t\t\t\t<figure class=\"wpz-member-figure\">\n\t\t\t\t<img loading=\"lazy\" decoding=\"async\" width=\"600\" height=\"900\" src=\"https:\/\/bsv-kapfenberg.at\/wp-content\/uploads\/2025\/05\/Vorstand003.jpg\" class=\"elementor-animation-disable-animation attachment-large size-large wp-image-9007\" alt=\"\" srcset=\"https:\/\/bsv-kapfenberg.at\/wp-content\/uploads\/2025\/05\/Vorstand003.jpg 600w, https:\/\/bsv-kapfenberg.at\/wp-content\/uploads\/2025\/05\/Vorstand003-200x300.jpg 200w\" sizes=\"100vw\" \/>\t\t\t<\/figure>\n\t\t\n\t\t<div class=\"wpz-member-body\">\n\t\t\t<h2 class=\"wpz-member-name\">Gabriele Kram<\/h2>\n\t\t\t\t\t\t\t<div class=\"wpz-member-position\">Kassier - Stellvertreterin<\/div>\n\t\t\t\n\t\t\t\n\t\t\t\n\t\t\t\t\t\t\t<div class=\"wpz-member-links\">\n\t\t\t\t\t<a target=\"_blank\" rel=\"noopener\" href=\"https:\/\/facebook.com\/\" class=\"elementor-repeater-item-0b1cd43\"><i class=\"fa-facebook fab\" aria-hidden=\"true\"><\/i><\/a>\t\t\t\t<\/div>\n\t\t\t\n\t\t\t\t\t<\/div>\n\t\t\t\t\t\t<\/div>\n\t\t\t\t<\/div>\n\t\t\t\t<\/div>\n\t\t\t\t\t<\/div>\n\t\t\t\t<\/div>\n\t\t<div class=\"elementor-element elementor-element-006cbab e-flex e-con-boxed e-con e-parent\" data-id=\"006cbab\" data-element_type=\"container\" data-settings=\"{&quot;background_background&quot;:&quot;gradient&quot;}\">\n\t\t\t\t\t<div class=\"e-con-inner\">\n\t\t\t\t<div class=\"elementor-element elementor-element-7008376 elementor-widget elementor-widget-image\" data-id=\"7008376\" data-element_type=\"widget\" data-widget_type=\"image.default\">\n\t\t\t\t<div class=\"elementor-widget-container\">\n\t\t\t\t\t\t\t\t\t\t\t\t<figure class=\"wp-caption\">\n\t\t\t\t\t\t\t\t\t\t<img loading=\"lazy\" decoding=\"async\" width=\"950\" height=\"634\" src=\"https:\/\/bsv-kapfenberg.at\/wp-content\/uploads\/2025\/05\/Vorstand001-1-1024x683.jpg\" class=\"attachment-large size-large wp-image-9043\" alt=\"\" srcset=\"https:\/\/bsv-kapfenberg.at\/wp-content\/uploads\/2025\/05\/Vorstand001-1-1024x683.jpg 1024w, https:\/\/bsv-kapfenberg.at\/wp-content\/uploads\/2025\/05\/Vorstand001-1-300x200.jpg 300w, https:\/\/bsv-kapfenberg.at\/wp-content\/uploads\/2025\/05\/Vorstand001-1-1536x1024.jpg 1536w, https:\/\/bsv-kapfenberg.at\/wp-content\/uploads\/2025\/05\/Vorstand001-1-64x43.jpg 64w, https:\/\/bsv-kapfenberg.at\/wp-content\/uploads\/2025\/05\/Vorstand001-1-36x24.jpg 36w, https:\/\/bsv-kapfenberg.at\/wp-content\/uploads\/2025\/05\/Vorstand001-1-48x32.jpg 48w, https:\/\/bsv-kapfenberg.at\/wp-content\/uploads\/2025\/05\/Vorstand001-1-600x400.jpg 600w, https:\/\/bsv-kapfenberg.at\/wp-content\/uploads\/2025\/05\/Vorstand001-1-1200x800.jpg 1200w, https:\/\/bsv-kapfenberg.at\/wp-content\/uploads\/2025\/05\/Vorstand001-1.jpg 1560w\" sizes=\"100vw\" \/>\t\t\t\t\t\t\t\t\t\t\t<figcaption class=\"widget-image-caption wp-caption-text\">BSV KAPFENBERG  - AUS FREUDE AM BOGENSPORT<\/figcaption>\n\t\t\t\t\t\t\t\t\t\t<\/figure>\n\t\t\t\t\t\t\t\t\t<\/div>\n\t\t\t\t<\/div>\n\t\t\t\t\t<\/div>\n\t\t\t\t<\/div>\n\t\t\t\t<\/div>\n\t\t","protected":false},"excerpt":{"rendered":"<p>Josef Sch\u00e4ffer Obmann J\u00fcrgen Kram Obmann &#8211; Stellvertreter Anita Sch\u00e4ffer Schriftf\u00fchrerin Thomas Loidolt Schriftf\u00fchrerin &#8211; Stellvertreter Michael Pompe Kassier Gabriele Kram Kassier &#8211; Stellvertreterin BSV KAPFENBERG &#8211; AUS FREUDE AM BOGENSPORT<\/p>\n","protected":false},"author":1,"featured_media":0,"parent":0,"menu_order":0,"comment_status":"closed","ping_status":"closed","template":"","meta":{"footnotes":""},"class_list":["post-6703","page","type-page","status-publish","hentry"],"aioseo_notices":[],"featured_media_urls":[],"_links":{"self":[{"href":"https:\/\/bsv-kapfenberg.at\/index.php?rest_route=\/wp\/v2\/pages\/6703","targetHints":{"allow":["GET"]}}],"collection":[{"href":"https:\/\/bsv-kapfenberg.at\/index.php?rest_route=\/wp\/v2\/pages"}],"about":[{"href":"https:\/\/bsv-kapfenberg.at\/index.php?rest_route=\/wp\/v2\/types\/page"}],"author":[{"embeddable":true,"href":"https:\/\/bsv-kapfenberg.at\/index.php?rest_route=\/wp\/v2\/users\/1"}],"replies":[{"embeddable":true,"href":"https:\/\/bsv-kapfenberg.at\/index.php?rest_route=%2Fwp%2Fv2%2Fcomments&post=6703"}],"version-history":[{"count":49,"href":"https:\/\/bsv-kapfenberg.at\/index.php?rest_route=\/wp\/v2\/pages\/6703\/revisions"}],"predecessor-version":[{"id":9054,"href":"https:\/\/bsv-kapfenberg.at\/index.php?rest_route=\/wp\/v2\/pages\/6703\/revisions\/9054"}],"wp:attachment":[{"href":"https:\/\/bsv-kapfenberg.at\/index.php?rest_route=%2Fwp%2Fv2%2Fmedia&parent=6703"}],"curies":[{"name":"wp","href":"https:\/\/api.w.org\/{rel}","templated":true}]}}