{"id":6736,"date":"2024-11-27T01:30:41","date_gmt":"2024-11-27T00:30:41","guid":{"rendered":"https:\/\/bogen.1ns.at\/?page_id=6736"},"modified":"2026-01-14T19:18:23","modified_gmt":"2026-01-14T18:18:23","slug":"oeffnungszeiten-preise","status":"publish","type":"page","link":"https:\/\/bsv-kapfenberg.at\/?page_id=6736","title":{"rendered":"\u00d6ffnungszeiten &#038; Preise"},"content":{"rendered":"\t\t<div data-elementor-type=\"wp-page\" data-elementor-id=\"6736\" class=\"elementor elementor-6736\" data-elementor-post-type=\"page\">\n\t\t\t\t<div class=\"elementor-element elementor-element-7b842da e-flex e-con-boxed e-con e-parent\" data-id=\"7b842da\" data-element_type=\"container\" data-settings=\"{&quot;background_background&quot;:&quot;gradient&quot;}\">\n\t\t\t\t\t<div class=\"e-con-inner\">\n\t\t\t\t<div class=\"elementor-element elementor-element-cc89796 elementor-widget elementor-widget-text-editor\" data-id=\"cc89796\" data-element_type=\"widget\" data-widget_type=\"text-editor.default\">\n\t\t\t\t<div class=\"elementor-widget-container\">\n\t\t\t\t\t\t\t\t\t<p><span style=\"text-decoration: underline;\"><strong>DER 3D PARCOURS IST GANZJ\u00c4HRIG GE\u00d6FFNET<\/strong><\/span><\/p><p><strong>1. April bis 30. September: <\/strong>T\u00e4glich von 8.30 &#8211; 18.30\u00a0<\/p><p><strong>1. Oktober bis 31. M\u00e4rz: <\/strong>T\u00e4glich von 9.00 &#8211; 16.00\u00a0<\/p><p>\u00a0<strong><span style=\"text-decoration: underline;\">Kinder unter 18 Jahren d\u00fcrfen den Parcours nur in Begleitung eines Erwachsenen begehen!<\/span><\/strong><\/p>\t\t\t\t\t\t\t\t<\/div>\n\t\t\t\t<\/div>\n\t\t\t\t\t<\/div>\n\t\t\t\t<\/div>\n\t\t<div class=\"elementor-element elementor-element-c15e62f e-con-full e-flex e-con e-parent\" data-id=\"c15e62f\" data-element_type=\"container\" data-settings=\"{&quot;background_background&quot;:&quot;gradient&quot;,&quot;shape_divider_bottom&quot;:&quot;triangle&quot;}\">\n\t\t\t\t<div class=\"elementor-shape elementor-shape-bottom\" data-negative=\"false\">\n\t\t\t<svg xmlns=\"http:\/\/www.w3.org\/2000\/svg\" viewBox=\"0 0 1000 100\" preserveAspectRatio=\"none\">\n\t<path class=\"elementor-shape-fill\" d=\"M500,98.9L0,6.1V0h1000v6.1L500,98.9z\"\/>\n<\/svg>\t\t<\/div>\n\t\t<div class=\"elementor-element elementor-element-a0e5e8e e-con-full e-flex e-con e-child\" data-id=\"a0e5e8e\" data-element_type=\"container\">\n\t\t\t\t<div class=\"elementor-element elementor-element-bf5b863 elementor-widget elementor-widget-text-editor\" data-id=\"bf5b863\" data-element_type=\"widget\" data-widget_type=\"text-editor.default\">\n\t\t\t\t<div class=\"elementor-widget-container\">\n\t\t\t\t\t\t\t\t\t<p><span style=\"text-decoration: underline;\"><strong>PARCOURSRUNDE:<\/strong><\/span><\/p><p><strong>Erwachsene:<\/strong> <span style=\"text-decoration: underline;\">\u20ac 12,00<\/span><\/p><p><strong>Kinder: <\/strong>bis 11,99 Jahre gratis, ab 12 Jahren bis 17,99 Jahre: <span style=\"text-decoration: underline;\">\u20ac 6,00<\/span><\/p>\t\t\t\t\t\t\t\t<\/div>\n\t\t\t\t<\/div>\n\t\t\t\t<\/div>\n\t\t<div class=\"elementor-element elementor-element-5a3da88 e-con-full e-flex e-con e-child\" data-id=\"5a3da88\" data-element_type=\"container\">\n\t\t\t\t<div class=\"elementor-element elementor-element-9aeb714 elementor-widget elementor-widget-text-editor\" data-id=\"9aeb714\" data-element_type=\"widget\" data-widget_type=\"text-editor.default\">\n\t\t\t\t<div class=\"elementor-widget-container\">\n\t\t\t\t\t\t\t\t\t<p><span style=\"text-decoration: underline;\"><strong>WA &#8211; RUNDE:<\/strong><\/span><\/p><p><strong>Erwachsene: <\/strong><span style=\"text-decoration: underline;\">\u20ac 15,00<\/span><\/p><p><strong>Kinder: <\/strong>bis 11,99 Jahre gratis, ab 12 Jahren bis 17,99 Jahre: <span style=\"text-decoration: underline;\">\u20ac 7,50<\/span><\/p>\t\t\t\t\t\t\t\t<\/div>\n\t\t\t\t<\/div>\n\t\t\t\t<\/div>\n\t\t<div class=\"elementor-element elementor-element-49e4b1a e-con-full e-flex e-con e-child\" data-id=\"49e4b1a\" data-element_type=\"container\">\n\t\t\t\t<div class=\"elementor-element elementor-element-ee37589 elementor-widget elementor-widget-text-editor\" data-id=\"ee37589\" data-element_type=\"widget\" data-widget_type=\"text-editor.default\">\n\t\t\t\t<div class=\"elementor-widget-container\">\n\t\t\t\t\t\t\t\t\t<p><span style=\"text-decoration: underline;\"><strong>Parcoursrunde oder WA &#8211; Runde inklusive Leihmaterial ohne Einschulung:<\/strong><\/span><strong>\u00a0<\/strong><\/p><p><strong>Erwachsene:<\/strong> <span style=\"text-decoration: underline;\">\u20ac 25,00<\/span><strong> Kinder:<\/strong> bis 11,99 Jahre: <span style=\"text-decoration: underline;\">\u20ac 3,00<\/span> ab 12 Jahren bis 17,99 Jahre: <span style=\"text-decoration: underline;\">\u20ac 10,00<\/span><\/p><p><strong><span style=\"text-decoration: underline;\">Parcoursrunde inklusive Leihmaterial und Einschulung ist gerne auch zum Paketpreis buchbar!<\/span>\u00a0 <\/strong><\/p><p><strong>Erwachsene:<\/strong> <span style=\"text-decoration: underline;\">\u20ac 35,00<\/span> <strong>Kinder: <\/strong>bis 11,99 Jahre: <span style=\"text-decoration: underline;\">\u20ac 3,00<\/span> ab 12 Jahren bis 17,99 Jahre: <span style=\"text-decoration: underline;\">\u20ac 15,00<\/span><\/p><p><span style=\"text-decoration: underline;\"><strong>COMPOUNDRUNDE:<\/strong><\/span> \u20ac 15,00<\/p><p><span style=\"text-decoration: underline;\"><strong>JAHRESKARTE:<\/strong><\/span>\u00a0 \u00a0<\/p><p><strong>Erwachsene:<\/strong> <span style=\"text-decoration: underline;\">\u20ac 300,00<\/span> f\u00fcr 12 Monate. <strong>Kinder:<\/strong> bis 11,99 Jahre gratis; Kinder ab 12 Jahren bis 17,99 Jahre <span style=\"text-decoration: underline;\">\u20ac 150,00.<\/span> Die Kosten f\u00fcr die Jahreskarte gelten ab dem <strong>Einstiegsmonat<\/strong> und werden aliquot f\u00fcr die verbleibenden Monate des Jahres berechnet.<\/p><p><strong><span style=\"text-decoration: underline;\">Der Stichtag f\u00fcr die Jahreskarte ist jeweils der 1. Mai.<\/span><\/strong><\/p><p><span style=\"text-decoration: underline;\">Alle Jahreskarten, die vom\u00a0 1.1.2026 bis zum 30.4.2026 gel\u00f6st werden behalten ihre G\u00fcltigkeit bis 30.4.2027<\/span><\/p>\t\t\t\t\t\t\t\t<\/div>\n\t\t\t\t<\/div>\n\t\t\t\t<div class=\"elementor-element elementor-element-bf9c558 elementor-widget elementor-widget-text-editor\" data-id=\"bf9c558\" data-element_type=\"widget\" data-widget_type=\"text-editor.default\">\n\t\t\t\t<div class=\"elementor-widget-container\">\n\t\t\t\t\t\t\t\t\t<p><strong>LEIHMATERIAL UND EINSCHULUNGEN BITTE 3 TAGE IM VORAUS ANMELDEN!\u00a0<\/strong><\/p>\t\t\t\t\t\t\t\t<\/div>\n\t\t\t\t<\/div>\n\t\t\t\t<\/div>\n\t\t\t\t<\/div>\n\t\t<div class=\"elementor-element elementor-element-19fc695 e-flex e-con-boxed e-con e-parent\" data-id=\"19fc695\" data-element_type=\"container\" data-settings=\"{&quot;background_background&quot;:&quot;gradient&quot;}\">\n\t\t\t\t\t<div class=\"e-con-inner\">\n\t\t\t\t<div class=\"elementor-element elementor-element-77392f9 elementor-widget elementor-widget-text-editor\" data-id=\"77392f9\" data-element_type=\"widget\" data-widget_type=\"text-editor.default\">\n\t\t\t\t<div class=\"elementor-widget-container\">\n\t\t\t\t\t\t\t\t\t<p><strong>DER BSV KAPFENBERG FREUT SICH AUF EUREN BESUCH!<\/strong><\/p>\t\t\t\t\t\t\t\t<\/div>\n\t\t\t\t<\/div>\n\t\t\t\t\t<\/div>\n\t\t\t\t<\/div>\n\t\t\t\t<\/div>\n\t\t","protected":false},"excerpt":{"rendered":"<p>DER 3D PARCOURS IST GANZJ\u00c4HRIG GE\u00d6FFNET 1. April bis 30. September: T\u00e4glich von 8.30 &#8211; 18.30\u00a0 1. Oktober bis 31. M\u00e4rz: T\u00e4glich von 9.00 &#8211; 16.00\u00a0 \u00a0Kinder unter 18 Jahren d\u00fcrfen den Parcours nur in Begleitung eines Erwachsenen begehen! PARCOURSRUNDE: Erwachsene: \u20ac 12,00 Kinder: bis 11,99 Jahre gratis, ab 12 Jahren bis 17,99 Jahre: \u20ac &hellip; <\/p>\n<p class=\"link-more\"><a href=\"https:\/\/bsv-kapfenberg.at\/?page_id=6736\" class=\"more-link\">Read more<span class=\"screen-reader-text\"> &#8222;\u00d6ffnungszeiten &#038; Preise&#8220;<\/span><\/a><\/p>\n","protected":false},"author":1,"featured_media":0,"parent":0,"menu_order":0,"comment_status":"closed","ping_status":"closed","template":"","meta":{"footnotes":""},"class_list":["post-6736","page","type-page","status-publish","hentry"],"aioseo_notices":[],"featured_media_urls":[],"_links":{"self":[{"href":"https:\/\/bsv-kapfenberg.at\/index.php?rest_route=\/wp\/v2\/pages\/6736","targetHints":{"allow":["GET"]}}],"collection":[{"href":"https:\/\/bsv-kapfenberg.at\/index.php?rest_route=\/wp\/v2\/pages"}],"about":[{"href":"https:\/\/bsv-kapfenberg.at\/index.php?rest_route=\/wp\/v2\/types\/page"}],"author":[{"embeddable":true,"href":"https:\/\/bsv-kapfenberg.at\/index.php?rest_route=\/wp\/v2\/users\/1"}],"replies":[{"embeddable":true,"href":"https:\/\/bsv-kapfenberg.at\/index.php?rest_route=%2Fwp%2Fv2%2Fcomments&post=6736"}],"version-history":[{"count":106,"href":"https:\/\/bsv-kapfenberg.at\/index.php?rest_route=\/wp\/v2\/pages\/6736\/revisions"}],"predecessor-version":[{"id":9417,"href":"https:\/\/bsv-kapfenberg.at\/index.php?rest_route=\/wp\/v2\/pages\/6736\/revisions\/9417"}],"wp:attachment":[{"href":"https:\/\/bsv-kapfenberg.at\/index.php?rest_route=%2Fwp%2Fv2%2Fmedia&parent=6736"}],"curies":[{"name":"wp","href":"https:\/\/api.w.org\/{rel}","templated":true}]}}