{"id":6738,"date":"2024-11-27T01:30:41","date_gmt":"2024-11-27T00:30:41","guid":{"rendered":"https:\/\/bogen.1ns.at\/?page_id=6738"},"modified":"2025-11-04T07:51:17","modified_gmt":"2025-11-04T06:51:17","slug":"parcour-und-sicherheitsregeln","status":"publish","type":"page","link":"https:\/\/bsv-kapfenberg.at\/?page_id=6738","title":{"rendered":"Parcours und Sicherheitsregeln"},"content":{"rendered":"\t\t<div data-elementor-type=\"wp-page\" data-elementor-id=\"6738\" class=\"elementor elementor-6738\" data-elementor-post-type=\"page\">\n\t\t\t\t<div class=\"elementor-element elementor-element-e631633 e-flex e-con-boxed e-con e-parent\" data-id=\"e631633\" data-element_type=\"container\" data-settings=\"{&quot;background_background&quot;:&quot;gradient&quot;,&quot;shape_divider_top&quot;:&quot;triangle&quot;}\">\n\t\t\t\t\t<div class=\"e-con-inner\">\n\t\t\t\t<div class=\"elementor-shape elementor-shape-top\" data-negative=\"false\">\n\t\t\t<svg xmlns=\"http:\/\/www.w3.org\/2000\/svg\" viewBox=\"0 0 1000 100\" preserveAspectRatio=\"none\">\n\t<path class=\"elementor-shape-fill\" d=\"M500,98.9L0,6.1V0h1000v6.1L500,98.9z\"\/>\n<\/svg>\t\t<\/div>\n\t\t\t\t<div class=\"elementor-element elementor-element-5d84c9b elementor-widget elementor-widget-text-editor\" data-id=\"5d84c9b\" data-element_type=\"widget\" data-widget_type=\"text-editor.default\">\n\t\t\t\t<div class=\"elementor-widget-container\">\n\t\t\t\t\t\t\t\t\t<p><span style=\"text-decoration: underline;\"><strong>PARCOURSREGELN DES STFVB<\/strong><\/span><\/p><p><strong>Allgemeine Parcoursregeln:<\/strong><\/p><p>\u2022 Die Bogensportanlage darf erst benutzt werden, nachdem man sich ordnungsgem\u00e4\u00df angemeldet<br \/>(jedenfalls Eintragung ins Parcoursbuch) und das Benutzungsentgelt bezahlt hat.<br \/>\u2022 Personen unter 18 Jahren d\u00fcrfen die Bogensportanlage nur in Begleitung eines Erwachsenen benutzen.<br \/>\u2022 Auf der Bogensportanlage herrscht striktes Alkohol- und Rauchverbot.<br \/>\u2022 Das Mitf\u00fchren oder Verwenden von Jagdspitzen oder Armbr\u00fcsten ist verboten.<br \/>\u2022 Jeder Sch\u00fctze \/ jede Sch\u00fctzin haftet pers\u00f6nlich f\u00fcr die von ihm \/ ihr verursachten Sch\u00e4den.<br \/>\u2022 Jeder Sch\u00fctze \/ jede Sch\u00fctzin muss im Umgang mit Pfeil und Bogen geschult sein und darf<br \/>ausschlie\u00dflich eine voll funktionsf\u00e4hige Bogenausr\u00fcstung benutzen.<br \/>\u2022 Beim Schie\u00dfen von einer Schie\u00dflinie aus mu\u00df sich die K\u00f6rpermitte des Sch\u00fctzen \/ der Sch\u00fctzin<br \/>direkt \u00fcber der Schie\u00dflinie befinden (ein Fu\u00df vor der Linie, ein Fu\u00df hinter der Linie).<br \/>\u2022 Das Parcoursgel\u00e4nde darf nur in der gekennzeichneten Richtung begangen werden. Ein Umkehren ist strengstens verboten.<br \/>\u2022 Es ist nicht erlaubt, die 3D-Ziele oder die daf\u00fcr vorgesehen Abschusspfl\u00f6cke selbstst\u00e4ndig umzustellen.<br \/>\u2022 Am Parcoursgel\u00e4nde ist das Schie\u00dfen nur von den Abschusspfl\u00f6cken aus erlaubt. Der<br \/>Abschusspflock muss dabei mit einem Fu\u00df ber\u00fchrt werden. Es darf nur auf die daf\u00fcr<br \/>vorgesehenen 3D-Ziele geschossen werden.<br \/>\u2022 Der Bogen darf nur in Richtung des Ziels aufgezogen werden.<br \/>\u2022 Jeder Sch\u00fctze \/ jede Sch\u00fctzin hat beim Abschuss gr\u00f6\u00dfte Aufmerksamkeit darauf zu legen, dass<br \/>das gesamte Schussfeld vor und hinter dem Ziel frei ist.<br \/>\u2022 Am Parcoursgel\u00e4nde sind pro 3D-Ziel maximal 3 Pfeile erlaubt. Der Beschuss des 3D-Ziels ist<br \/>nach dem ersten Treffer einzustellen. Jede andere Benutzung ist zuvor mit dem<br \/>Parcoursbetreiber abzukl\u00e4ren.<br \/>\u2022 W\u00e4hrend der Pfeilsuche ist das Ziel mit einem gut sichtbaren Gegenstand (z.B. Bogen oder<br \/>Kleidungsst\u00fcck) zu markieren, um nachfolgende Sch\u00fctzen \/ Sch\u00fctzinnen zu warnen.<br \/>\u2022 Den Anweisungen der Aufsichts- bzw. Kontrollorgane ist Folge zu leisten.<br \/>\u2022 Bei Nichteinhalten der Parcoursregeln droht ein sofortiger Verweis von der Bogensportanlage.<br \/>Unser Wald ist gleichzeitig Lebensraum und Erholungsort.<br \/>Bitte vermeidet unn\u00f6tigen L\u00e4rm und nehmt eure Abf\u00e4lle vom Parcours mit.<br \/><span style=\"text-decoration: underline;\"><strong>WICHTIGE NOTRUFNUMMERN<\/strong><\/span>: FEUERWEHR: 122; POLIZEI: 133; RETTUNG: 144<\/p><p>\u00a0\u00a0\u00a0\u00a0\u00a0\u00a0\u00a0\u00a0\u00a0\u00a0\u00a0\u00a0\u00a0\u00a0\u00a0\u00a0\u00a0\u00a0\u00a0\u00a0\u00a0\u00a0\u00a0\u00a0\u00a0\u00a0\u00a0\u00a0\u00a0\u00a0\u00a0\u00a0\u00a0\u00a0\u00a0\u00a0\u00a0\u00a0\u00a0\u00a0\u00a0\u00a0\u00a0\u00a0\u00a0\u00a0\u00a0\u00a0\u00a0\u00a0\u00a0\u00a0\u00a0\u00a0\u00a0\u00a0 <\/p>\t\t\t\t\t\t\t\t<\/div>\n\t\t\t\t<\/div>\n\t\t\t\t\t<\/div>\n\t\t\t\t<\/div>\n\t\t<div class=\"elementor-element elementor-element-741299e e-flex e-con-boxed e-con e-parent\" data-id=\"741299e\" data-element_type=\"container\" data-settings=\"{&quot;background_background&quot;:&quot;gradient&quot;}\">\n\t\t\t\t\t<div class=\"e-con-inner\">\n\t\t\t\t<div class=\"elementor-element elementor-element-92c4aac elementor-headline--style-highlight elementor-widget elementor-widget-animated-headline\" data-id=\"92c4aac\" data-element_type=\"widget\" data-settings=\"{&quot;highlighted_text&quot;:&quot;DAS SCHIESSEN MIT JAGDSPITZEN UND BLASROHR IST AM PARCOURS DES BSV KAPFENBERG STRENGSTENS VERBOTEN!                                                                                            &quot;,&quot;headline_style&quot;:&quot;highlight&quot;,&quot;marker&quot;:&quot;circle&quot;,&quot;loop&quot;:&quot;yes&quot;,&quot;highlight_animation_duration&quot;:1200,&quot;highlight_iteration_delay&quot;:8000}\" data-widget_type=\"animated-headline.default\">\n\t\t\t\t<div class=\"elementor-widget-container\">\n\t\t\t\t\t\t\t<h3 class=\"elementor-headline\">\n\t\t\t\t\t<span class=\"elementor-headline-plain-text elementor-headline-text-wrapper\">ACHTUNG:<\/span>\n\t\t\t\t<span class=\"elementor-headline-dynamic-wrapper elementor-headline-text-wrapper\">\n\t\t\t\t\t<span class=\"elementor-headline-dynamic-text elementor-headline-text-active\">DAS SCHIESSEN MIT JAGDSPITZEN UND BLASROHR IST AM PARCOURS DES BSV KAPFENBERG STRENGSTENS VERBOTEN!                                                                                            <\/span>\n\t\t\t\t<\/span>\n\t\t\t\t\t<span class=\"elementor-headline-plain-text elementor-headline-text-wrapper\">DIESES VERGEHEN WIRD MIT SOFORTIGEM PARCOURSVERBOT GEAHNDET!<\/span>\n\t\t\t\t\t<\/h3>\n\t\t\t\t\t\t<\/div>\n\t\t\t\t<\/div>\n\t\t\t\t\t<\/div>\n\t\t\t\t<\/div>\n\t\t<div class=\"elementor-element elementor-element-6428b02 e-flex e-con-boxed e-con e-parent\" data-id=\"6428b02\" data-element_type=\"container\" data-settings=\"{&quot;background_background&quot;:&quot;gradient&quot;,&quot;shape_divider_top&quot;:&quot;triangle&quot;}\">\n\t\t\t\t\t<div class=\"e-con-inner\">\n\t\t\t\t<div class=\"elementor-shape elementor-shape-top\" data-negative=\"false\">\n\t\t\t<svg xmlns=\"http:\/\/www.w3.org\/2000\/svg\" viewBox=\"0 0 1000 100\" preserveAspectRatio=\"none\">\n\t<path class=\"elementor-shape-fill\" d=\"M500,98.9L0,6.1V0h1000v6.1L500,98.9z\"\/>\n<\/svg>\t\t<\/div>\n\t\t\t\t<div class=\"elementor-element elementor-element-8a1c586 elementor-widget__width-initial elementor-widget elementor-widget-text-editor\" data-id=\"8a1c586\" data-element_type=\"widget\" data-widget_type=\"text-editor.default\">\n\t\t\t\t<div class=\"elementor-widget-container\">\n\t\t\t\t\t\t\t\t\t<p><span style=\"text-decoration: underline;\"><strong>BESONDERE PARCOURSREGELN DES BSV KAPFENBERG<\/strong><\/span><\/p><p>\u00a0<\/p><p><strong>DER BSV KAPFENBERG, ALS P\u00c4CHTER DIESER ANLAGE, VERWEIST AUF NACHFOLGENDE SICHERHEITSBESTIMMUNGEN<\/strong><\/p><ul><li>Das gesamte 3D Parcoursgel\u00e4nde ist frei zug\u00e4ngig, jedoch als Bogenparcours ausgewiesen und mit Wegweisern markiert. Achtung auf Wanderer, Hunde sind zwingend an die Leine zu nehmen. Eltern haften f\u00fcr ihre Kinder.<\/li><li>Festes Schuhwerk und k\u00f6rperliche Fitness sind f\u00fcr das Begehen des Parcours erforderlich.<\/li><li>Das Betreten der Anlage erfolgt ausschlie\u00dflich auf eigene Gefahr! Alle Sch\u00fctzen\/innen sind f\u00fcr ihre<br \/>abgeschossenen Pfeile und den dadurch eventuell entstandenen Schaden selbst voll<br \/>verantwortlich! Der BSV-KAPFENBERG sowie die Grundst\u00fccksbesitzer \u00fcbernehmen keinerlei<br \/>Haftung f\u00fcr eventuelle Personen- und\/oder Sachsch\u00e4den! Keine Haftung bei Sch\u00e4den durch h\u00f6here<br \/>Gewalt! Keine Haftung f\u00fcr Unf\u00e4lle und Verletzungen auf den angelegten Steigen und Wegen. Jedenfalls sind die Grundst\u00fccksbesitzer und der BSV KAPFENBERG absolut schad- u. klaglos zu halten! Es wird die Haftung f\u00fcr leichte Fahrl\u00e4ssigkeit insgesamt ausgeschlossen!<\/li><li>Bei Unwettergefahr oder starkem Wind ist der Parcours sofort, jedoch ausschlie\u00dflich in der vorgegebenen Richtung, zu verlassen.<\/li><li>Alle Anf\u00e4nger\/innen haben sich vor der Begehung des Parcours einer Unterweisung durch fachkundiges Personal zu unterziehen. Jegliches Leihmaterial ist pfleglich zu behandeln, die Pfeile sind bei Fehlsch\u00fcssen auf Besch\u00e4digungen zu pr\u00fcfen und gegebenenfalls auszusondern.<\/li><li>Kontroll- u. Aufsichtsorgane des Parcours sind die Waldbesitzer sowie der Vereinsvorstand des <strong>BSV KAPFENBERG.<\/strong><\/li><\/ul>\t\t\t\t\t\t\t\t<\/div>\n\t\t\t\t<\/div>\n\t\t\t\t\t<\/div>\n\t\t\t\t<\/div>\n\t\t\t\t<\/div>\n\t\t","protected":false},"excerpt":{"rendered":"<p>PARCOURSREGELN DES STFVB Allgemeine Parcoursregeln: \u2022 Die Bogensportanlage darf erst benutzt werden, nachdem man sich ordnungsgem\u00e4\u00df angemeldet(jedenfalls Eintragung ins Parcoursbuch) und das Benutzungsentgelt bezahlt hat.\u2022 Personen unter 18 Jahren d\u00fcrfen die Bogensportanlage nur in Begleitung eines Erwachsenen benutzen.\u2022 Auf der Bogensportanlage herrscht striktes Alkohol- und Rauchverbot.\u2022 Das Mitf\u00fchren oder Verwenden von Jagdspitzen oder Armbr\u00fcsten ist &hellip; <\/p>\n<p class=\"link-more\"><a href=\"https:\/\/bsv-kapfenberg.at\/?page_id=6738\" class=\"more-link\">Read more<span class=\"screen-reader-text\"> &#8222;Parcours und Sicherheitsregeln&#8220;<\/span><\/a><\/p>\n","protected":false},"author":1,"featured_media":0,"parent":0,"menu_order":0,"comment_status":"closed","ping_status":"closed","template":"","meta":{"footnotes":""},"class_list":["post-6738","page","type-page","status-publish","hentry"],"aioseo_notices":[],"featured_media_urls":[],"_links":{"self":[{"href":"https:\/\/bsv-kapfenberg.at\/index.php?rest_route=\/wp\/v2\/pages\/6738","targetHints":{"allow":["GET"]}}],"collection":[{"href":"https:\/\/bsv-kapfenberg.at\/index.php?rest_route=\/wp\/v2\/pages"}],"about":[{"href":"https:\/\/bsv-kapfenberg.at\/index.php?rest_route=\/wp\/v2\/types\/page"}],"author":[{"embeddable":true,"href":"https:\/\/bsv-kapfenberg.at\/index.php?rest_route=\/wp\/v2\/users\/1"}],"replies":[{"embeddable":true,"href":"https:\/\/bsv-kapfenberg.at\/index.php?rest_route=%2Fwp%2Fv2%2Fcomments&post=6738"}],"version-history":[{"count":65,"href":"https:\/\/bsv-kapfenberg.at\/index.php?rest_route=\/wp\/v2\/pages\/6738\/revisions"}],"predecessor-version":[{"id":9374,"href":"https:\/\/bsv-kapfenberg.at\/index.php?rest_route=\/wp\/v2\/pages\/6738\/revisions\/9374"}],"wp:attachment":[{"href":"https:\/\/bsv-kapfenberg.at\/index.php?rest_route=%2Fwp%2Fv2%2Fmedia&parent=6738"}],"curies":[{"name":"wp","href":"https:\/\/api.w.org\/{rel}","templated":true}]}}