{"id":6740,"date":"2024-11-27T01:30:41","date_gmt":"2024-11-27T00:30:41","guid":{"rendered":"https:\/\/bogen.1ns.at\/?page_id=6740"},"modified":"2025-12-31T14:21:39","modified_gmt":"2025-12-31T13:21:39","slug":"leihmaterial","status":"publish","type":"page","link":"https:\/\/bsv-kapfenberg.at\/?page_id=6740","title":{"rendered":"Leihmaterial"},"content":{"rendered":"\t\t<div data-elementor-type=\"wp-page\" data-elementor-id=\"6740\" class=\"elementor elementor-6740\" data-elementor-post-type=\"page\">\n\t\t\t\t<div class=\"elementor-element elementor-element-64984ac e-flex e-con-boxed e-con e-parent\" data-id=\"64984ac\" data-element_type=\"container\" data-settings=\"{&quot;background_background&quot;:&quot;gradient&quot;}\">\n\t\t\t\t\t<div class=\"e-con-inner\">\n\t\t\t\t<div class=\"elementor-element elementor-element-233d354 elementor-widget elementor-widget-text-editor\" data-id=\"233d354\" data-element_type=\"widget\" data-widget_type=\"text-editor.default\">\n\t\t\t\t<div class=\"elementor-widget-container\">\n\t\t\t\t\t\t\t\t\t<p><strong>Diverses Leihmaterial<\/strong>, wie B\u00f6gen (links und rechts), Pfeile, K\u00f6cher und Schutzmaterial steht zur Verf\u00fcgung,<\/p><p><strong>Die Ausgabe des Leihmaterials erfolgt gegebenenfalls in Verbindung mit einer entsprechenden Grundeinschulung!<\/strong><\/p><p><span style=\"text-decoration: underline;\">Das Leihmaterial und Einschulungen sind aus organisatorischen Gr\u00fcnden <strong>bitte 3 Tage im Vorhinein<\/strong>\u00a0 <\/span><\/p><p><span style=\"text-decoration: underline;\">bei <strong>J\u00dcRGEN KRAM<\/strong> unter: 0650\/2804328 oder per e-mail zu reservieren<\/span>!\u00a0<\/p><p><span style=\"text-decoration: underline;\"><strong>KOSTEN:<\/strong><\/span><\/p><p><span style=\"text-decoration: underline;\"><strong>Leihmaterial und Parcoursrunde ohne Einschulung:<\/strong> <\/span><\/p><p><strong>Erwachsene:<\/strong> <span style=\"text-decoration: underline;\">\u20ac 25,00<\/span><strong> Kinder:<\/strong> bis 11,99 Jahre <span style=\"text-decoration: underline;\">\u20ac 3,00<\/span> ab 12 Jahren bis 17,99 Jahre: <span style=\"text-decoration: underline;\">\u20ac 10,00<\/span><\/p><p><span style=\"text-decoration: underline;\"><strong>Leihmaterial, Einschulung und Parcoursrunde ist gerne auch zum Paketpreis buchbar!<\/strong><\/span><\/p><p><strong>Erwachsene:<\/strong> <span style=\"text-decoration: underline;\">\u20ac 35,00<\/span>\u00a0 <strong>Kinder: <\/strong>bis 11,99 Jahre: <span style=\"text-decoration: underline;\">\u20ac 3,00<\/span> ab 12 Jahren bis zum 17,99 Jahre: <span style=\"text-decoration: underline;\">\u20ac 15,00<\/span><\/p><p><a href=\"https:\/\/bsv-kapfenberg.at\/?page_id=628\"><span style=\"text-decoration: underline;\">Kontaktiere uns gerne telefonisch oder per e-mail<\/span><\/a><\/p><p>aus<\/p>\t\t\t\t\t\t\t\t<\/div>\n\t\t\t\t<\/div>\n\t\t\t\t\t<\/div>\n\t\t\t\t<\/div>\n\t\t\t\t<\/div>\n\t\t","protected":false},"excerpt":{"rendered":"<p>Diverses Leihmaterial, wie B\u00f6gen (links und rechts), Pfeile, K\u00f6cher und Schutzmaterial steht zur Verf\u00fcgung, Die Ausgabe des Leihmaterials erfolgt gegebenenfalls in Verbindung mit einer entsprechenden Grundeinschulung! Das Leihmaterial und Einschulungen sind aus organisatorischen Gr\u00fcnden bitte 3 Tage im Vorhinein\u00a0 bei J\u00dcRGEN KRAM unter: 0650\/2804328 oder per e-mail zu reservieren!\u00a0 KOSTEN: Leihmaterial und Parcoursrunde ohne Einschulung: &hellip; <\/p>\n<p class=\"link-more\"><a href=\"https:\/\/bsv-kapfenberg.at\/?page_id=6740\" class=\"more-link\">Read more<span class=\"screen-reader-text\"> &#8222;Leihmaterial&#8220;<\/span><\/a><\/p>\n","protected":false},"author":1,"featured_media":0,"parent":0,"menu_order":0,"comment_status":"closed","ping_status":"closed","template":"","meta":{"footnotes":""},"class_list":["post-6740","page","type-page","status-publish","hentry"],"aioseo_notices":[],"featured_media_urls":[],"_links":{"self":[{"href":"https:\/\/bsv-kapfenberg.at\/index.php?rest_route=\/wp\/v2\/pages\/6740","targetHints":{"allow":["GET"]}}],"collection":[{"href":"https:\/\/bsv-kapfenberg.at\/index.php?rest_route=\/wp\/v2\/pages"}],"about":[{"href":"https:\/\/bsv-kapfenberg.at\/index.php?rest_route=\/wp\/v2\/types\/page"}],"author":[{"embeddable":true,"href":"https:\/\/bsv-kapfenberg.at\/index.php?rest_route=\/wp\/v2\/users\/1"}],"replies":[{"embeddable":true,"href":"https:\/\/bsv-kapfenberg.at\/index.php?rest_route=%2Fwp%2Fv2%2Fcomments&post=6740"}],"version-history":[{"count":103,"href":"https:\/\/bsv-kapfenberg.at\/index.php?rest_route=\/wp\/v2\/pages\/6740\/revisions"}],"predecessor-version":[{"id":9388,"href":"https:\/\/bsv-kapfenberg.at\/index.php?rest_route=\/wp\/v2\/pages\/6740\/revisions\/9388"}],"wp:attachment":[{"href":"https:\/\/bsv-kapfenberg.at\/index.php?rest_route=%2Fwp%2Fv2%2Fmedia&parent=6740"}],"curies":[{"name":"wp","href":"https:\/\/api.w.org\/{rel}","templated":true}]}}