{"id":6741,"date":"2024-11-27T01:30:41","date_gmt":"2024-11-27T00:30:41","guid":{"rendered":"https:\/\/bogen.1ns.at\/?page_id=6741"},"modified":"2025-05-05T20:31:15","modified_gmt":"2025-05-05T18:31:15","slug":"einschulung","status":"publish","type":"page","link":"https:\/\/bsv-kapfenberg.at\/?page_id=6741","title":{"rendered":"Einschulung"},"content":{"rendered":"\t\t<div data-elementor-type=\"wp-page\" data-elementor-id=\"6741\" class=\"elementor elementor-6741\" data-elementor-post-type=\"page\">\n\t\t\t\t<div class=\"elementor-element elementor-element-25bcc38 e-flex e-con-boxed e-con e-parent\" data-id=\"25bcc38\" data-element_type=\"container\" data-settings=\"{&quot;background_background&quot;:&quot;gradient&quot;,&quot;shape_divider_top&quot;:&quot;triangle&quot;}\">\n\t\t\t\t\t<div class=\"e-con-inner\">\n\t\t\t\t<div class=\"elementor-shape elementor-shape-top\" data-negative=\"false\">\n\t\t\t<svg xmlns=\"http:\/\/www.w3.org\/2000\/svg\" viewBox=\"0 0 1000 100\" preserveAspectRatio=\"none\">\n\t<path class=\"elementor-shape-fill\" d=\"M500,98.9L0,6.1V0h1000v6.1L500,98.9z\"\/>\n<\/svg>\t\t<\/div>\n\t\t\t\t<div class=\"elementor-element elementor-element-44ad046 elementor-widget elementor-widget-text-editor\" data-id=\"44ad046\" data-element_type=\"widget\" data-widget_type=\"text-editor.default\">\n\t\t\t\t<div class=\"elementor-widget-container\">\n\t\t\t\t\t\t\t\t\t<p><strong>SICHERHEIT UND EINSCHULUNG<\/strong><\/p>\t\t\t\t\t\t\t\t<\/div>\n\t\t\t\t<\/div>\n\t\t\t\t<div class=\"elementor-element elementor-element-1c979a8 elementor-widget elementor-widget-text-editor\" data-id=\"1c979a8\" data-element_type=\"widget\" data-widget_type=\"text-editor.default\">\n\t\t\t\t<div class=\"elementor-widget-container\">\n\t\t\t\t\t\t\t\t\t<p>Das Thema <b>SICHERHEIT<\/b> steht beim <b>BSV KAPFENBERG <\/b>an oberster Stelle! Daher bieten wir dementsprechende Ausbildungsm\u00f6glichkeiten, welche von zertifizierten \u00dcbungsleitern durchgef\u00fchrt werden, an!<\/p><p><span style=\"text-decoration: underline;\"><strong>Safety First<\/strong><\/span><\/p><p>Dieses erste Modul des <strong>\u201cROT-WEISS-ROTEN\u201d PFEILS\u201d<\/strong> inkludiert eine Einschulung in alle f\u00fcr die Sicherheit auf Schie\u00dfpl\u00e4tzen und 3D-\/Feld-Parcours relevanten Themen. Weiters werden die einfachsten Elemente einer gesunden und reproduzierbaren Schie\u00dftechnik gelehrt.<\/p><p><strong><span style=\"text-decoration: underline;\">Nach Abschluss dieses Moduls erfolgt eine theoretische Pr\u00fcfung \u00fcber folgende Bereiche:<\/span><\/strong><\/p><ul><li>Allgemeine Sicherheit und Verhalten in und um Bogensportanlagen<\/li><li>Die Platz-\/Parcoursordnung<\/li><li>Verhalten an der Schusslinie\/am Abschusspflock<\/li><li>Sicherheit f\u00fcr sich selbst, andere Sch\u00fctzInnen, Nichtbeteiligte und das Material<\/li><li>Verletzungspr\u00e4vention<\/li><\/ul><p>Erg\u00e4nzend dazu wird auch eine umfassendere Ausbildung zum\u00a0 <strong>\u201cROT-WEISS-ROTEN\u201d PFEIL\u201d<\/strong> angeboten.<\/p>\t\t\t\t\t\t\t\t<\/div>\n\t\t\t\t<\/div>\n\t\t\t\t\t<\/div>\n\t\t\t\t<\/div>\n\t\t<div class=\"elementor-element elementor-element-0d7e850 e-con-full e-flex e-con e-parent\" data-id=\"0d7e850\" data-element_type=\"container\" data-settings=\"{&quot;background_background&quot;:&quot;gradient&quot;,&quot;shape_divider_top&quot;:&quot;triangle&quot;}\">\n\t\t\t\t<div class=\"elementor-shape elementor-shape-top\" data-negative=\"false\">\n\t\t\t<svg xmlns=\"http:\/\/www.w3.org\/2000\/svg\" viewBox=\"0 0 1000 100\" preserveAspectRatio=\"none\">\n\t<path class=\"elementor-shape-fill\" d=\"M500,98.9L0,6.1V0h1000v6.1L500,98.9z\"\/>\n<\/svg>\t\t<\/div>\n\t\t\t\t<div class=\"elementor-element elementor-element-8d7664b elementor-widget elementor-widget-text-editor\" data-id=\"8d7664b\" data-element_type=\"widget\" data-widget_type=\"text-editor.default\">\n\t\t\t\t<div class=\"elementor-widget-container\">\n\t\t\t\t\t\t\t\t\t<p><strong>BEI WEITEREN FRAGEN DAZU KONTAKTIERE UNS GERNE<\/strong><\/p><p><span style=\"text-decoration: underline;\"><a href=\"https:\/\/bsv-kapfenberg.at\/?page_id=628\"><strong>CLICK HERE<\/strong><\/a><\/span><\/p>\t\t\t\t\t\t\t\t<\/div>\n\t\t\t\t<\/div>\n\t\t\t\t<\/div>\n\t\t<div class=\"elementor-element elementor-element-899ff84 e-flex e-con-boxed e-con e-parent\" data-id=\"899ff84\" data-element_type=\"container\" data-settings=\"{&quot;background_background&quot;:&quot;gradient&quot;}\">\n\t\t\t\t\t<div class=\"e-con-inner\">\n\t\t\t\t<div class=\"elementor-element elementor-element-29049ad elementor-widget elementor-widget-wpzoom-elementor-addons-carousel\" data-id=\"29049ad\" data-element_type=\"widget\" data-settings=\"{&quot;animation_speed&quot;:300,&quot;autoplay&quot;:&quot;yes&quot;,&quot;autoplay_speed&quot;:3000,&quot;loop&quot;:&quot;yes&quot;,&quot;navigation&quot;:&quot;arrow&quot;,&quot;slides_to_show&quot;:4,&quot;slides_to_show_tablet&quot;:3,&quot;slides_to_show_mobile&quot;:2}\" data-widget_type=\"wpzoom-elementor-addons-carousel.default\">\n\t\t\t\t<div class=\"elementor-widget-container\">\n\t\t\t\t\t<div class=\"wpzjs-slick wpz-slick wpz-slick--carousel\">\n\n\t\t\t\n\t\t\t\t<div class=\"wpz-slick-slide\">\n\t\t\t\t\t<div class=\"wpz-slick-item\">\n\t\t\t\t\t\t\t\t\t\t\t\t\t<img decoding=\"async\" class=\"wpz-slick-img\" src=\"https:\/\/bsv-kapfenberg.at\/wp-content\/uploads\/2025\/04\/rwr-pfeil.png\" alt=\"\">\n\t\t\t\t\t\t\n\t\t\t\t\t\t\t\t\t\t\t<\/div>\n\t\t\t\t<\/div>\n\n\t\t\t\n\t\t\t\t<div class=\"wpz-slick-slide\">\n\t\t\t\t\t<div class=\"wpz-slick-item\">\n\t\t\t\t\t\t\t\t\t\t\t\t\t<img decoding=\"async\" class=\"wpz-slick-img\" src=\"https:\/\/bsv-kapfenberg.at\/wp-content\/uploads\/2025\/04\/SAFETY-FIRST.png\" alt=\"\">\n\t\t\t\t\t\t\n\t\t\t\t\t\t\t\t\t\t\t<\/div>\n\t\t\t\t<\/div>\n\n\t\t\t\n\t\t\t\t<div class=\"wpz-slick-slide\">\n\t\t\t\t\t<div class=\"wpz-slick-item\">\n\t\t\t\t\t\t\t\t\t\t\t\t\t<img decoding=\"async\" class=\"wpz-slick-img\" src=\"https:\/\/bsv-kapfenberg.at\/wp-content\/uploads\/2025\/04\/rwr-pfeil.png\" alt=\"\">\n\t\t\t\t\t\t\n\t\t\t\t\t\t\t\t\t\t\t<\/div>\n\t\t\t\t<\/div>\n\n\t\t\t\n\t\t\t\t<div class=\"wpz-slick-slide\">\n\t\t\t\t\t<div class=\"wpz-slick-item\">\n\t\t\t\t\t\t\t\t\t\t\t\t\t<img decoding=\"async\" class=\"wpz-slick-img\" src=\"https:\/\/bsv-kapfenberg.at\/wp-content\/uploads\/2025\/04\/SAFETY-FIRST.png\" alt=\"\">\n\t\t\t\t\t\t\n\t\t\t\t\t\t\t\t\t\t\t<\/div>\n\t\t\t\t<\/div>\n\n\t\t\t\n\t\t\t\t<div class=\"wpz-slick-slide\">\n\t\t\t\t\t<div class=\"wpz-slick-item\">\n\t\t\t\t\t\t\t\t\t\t\t\t\t<img decoding=\"async\" class=\"wpz-slick-img\" src=\"https:\/\/bsv-kapfenberg.at\/wp-content\/uploads\/2025\/04\/rwr-pfeil.png\" alt=\"\">\n\t\t\t\t\t\t\n\t\t\t\t\t\t\t\t\t\t\t<\/div>\n\t\t\t\t<\/div>\n\n\t\t\t\n\t\t\t\t<div class=\"wpz-slick-slide\">\n\t\t\t\t\t<div class=\"wpz-slick-item\">\n\t\t\t\t\t\t\t\t\t\t\t\t\t<img decoding=\"async\" class=\"wpz-slick-img\" src=\"https:\/\/bsv-kapfenberg.at\/wp-content\/uploads\/2025\/04\/SAFETY-FIRST.png\" alt=\"\">\n\t\t\t\t\t\t\n\t\t\t\t\t\t\t\t\t\t\t<\/div>\n\t\t\t\t<\/div>\n\n\t\t\t\n\t\t<\/div>\n\n\t\t\t\t\t<button type=\"button\" class=\"slick-prev\"><svg aria-hidden=\"true\" class=\"e-font-icon-svg e-fas-chevron-left\" viewBox=\"0 0 320 512\" xmlns=\"http:\/\/www.w3.org\/2000\/svg\"><path d=\"M34.52 239.03L228.87 44.69c9.37-9.37 24.57-9.37 33.94 0l22.67 22.67c9.36 9.36 9.37 24.52.04 33.9L131.49 256l154.02 154.75c9.34 9.38 9.32 24.54-.04 33.9l-22.67 22.67c-9.37 9.37-24.57 9.37-33.94 0L34.52 272.97c-9.37-9.37-9.37-24.57 0-33.94z\"><\/path><\/svg><\/button>\n\t\t\n\t\t\t\t\t<button type=\"button\" class=\"slick-next\"><svg aria-hidden=\"true\" class=\"e-font-icon-svg e-fas-chevron-right\" viewBox=\"0 0 320 512\" xmlns=\"http:\/\/www.w3.org\/2000\/svg\"><path d=\"M285.476 272.971L91.132 467.314c-9.373 9.373-24.569 9.373-33.941 0l-22.667-22.667c-9.357-9.357-9.375-24.522-.04-33.901L188.505 256 34.484 101.255c-9.335-9.379-9.317-24.544.04-33.901l22.667-22.667c9.373-9.373 24.569-9.373 33.941 0L285.475 239.03c9.373 9.372 9.373 24.568.001 33.941z\"><\/path><\/svg><\/button>\n\t\t\n\t\t\t\t\t\t<\/div>\n\t\t\t\t<\/div>\n\t\t\t\t\t<\/div>\n\t\t\t\t<\/div>\n\t\t\t\t<\/div>\n\t\t","protected":false},"excerpt":{"rendered":"<p>SICHERHEIT UND EINSCHULUNG Das Thema SICHERHEIT steht beim BSV KAPFENBERG an oberster Stelle! Daher bieten wir dementsprechende Ausbildungsm\u00f6glichkeiten, welche von zertifizierten \u00dcbungsleitern durchgef\u00fchrt werden, an! Safety First Dieses erste Modul des \u201cROT-WEISS-ROTEN\u201d PFEILS\u201d inkludiert eine Einschulung in alle f\u00fcr die Sicherheit auf Schie\u00dfpl\u00e4tzen und 3D-\/Feld-Parcours relevanten Themen. Weiters werden die einfachsten Elemente einer gesunden und &hellip; <\/p>\n<p class=\"link-more\"><a href=\"https:\/\/bsv-kapfenberg.at\/?page_id=6741\" class=\"more-link\">Read more<span class=\"screen-reader-text\"> &#8222;Einschulung&#8220;<\/span><\/a><\/p>\n","protected":false},"author":1,"featured_media":0,"parent":0,"menu_order":0,"comment_status":"closed","ping_status":"closed","template":"","meta":{"footnotes":""},"class_list":["post-6741","page","type-page","status-publish","hentry"],"aioseo_notices":[],"featured_media_urls":[],"_links":{"self":[{"href":"https:\/\/bsv-kapfenberg.at\/index.php?rest_route=\/wp\/v2\/pages\/6741","targetHints":{"allow":["GET"]}}],"collection":[{"href":"https:\/\/bsv-kapfenberg.at\/index.php?rest_route=\/wp\/v2\/pages"}],"about":[{"href":"https:\/\/bsv-kapfenberg.at\/index.php?rest_route=\/wp\/v2\/types\/page"}],"author":[{"embeddable":true,"href":"https:\/\/bsv-kapfenberg.at\/index.php?rest_route=\/wp\/v2\/users\/1"}],"replies":[{"embeddable":true,"href":"https:\/\/bsv-kapfenberg.at\/index.php?rest_route=%2Fwp%2Fv2%2Fcomments&post=6741"}],"version-history":[{"count":64,"href":"https:\/\/bsv-kapfenberg.at\/index.php?rest_route=\/wp\/v2\/pages\/6741\/revisions"}],"predecessor-version":[{"id":8611,"href":"https:\/\/bsv-kapfenberg.at\/index.php?rest_route=\/wp\/v2\/pages\/6741\/revisions\/8611"}],"wp:attachment":[{"href":"https:\/\/bsv-kapfenberg.at\/index.php?rest_route=%2Fwp%2Fv2%2Fmedia&parent=6741"}],"curies":[{"name":"wp","href":"https:\/\/api.w.org\/{rel}","templated":true}]}}